{"id":4113,"date":"2024-01-29T15:39:59","date_gmt":"2024-01-29T20:39:59","guid":{"rendered":"https:\/\/www.inspire2030.com\/sitio\/?post_type=product&#038;p=4113"},"modified":"2024-01-29T15:41:24","modified_gmt":"2024-01-29T20:41:24","slug":"bolso-ecologico-clasico-reutilizable-inspire2030-ilustrado-con-balcones-de-cartagena","status":"publish","type":"product","link":"https:\/\/www.inspire2030.com\/sitio\/producto\/bolso-ecologico-clasico-reutilizable-inspire2030-ilustrado-con-balcones-de-cartagena\/","title":{"rendered":"Bolso Ecol\u00f3gico Cl\u00e1sico reutilizable Inspire2030 Ilustrado con Balcones de Cartagena"},"content":{"rendered":"<p><strong>UTILIDAD:<\/strong><br \/>\n<span data-sheets-value=\"{&quot;1&quot;:2,&quot;2&quot;:&quot;Lleva siempre contigo tu bolso resistente y reutilizable.&quot;}\" data-sheets-userformat=\"{&quot;2&quot;:14717,&quot;3&quot;:{&quot;1&quot;:0,&quot;3&quot;:1},&quot;5&quot;:{&quot;1&quot;:[{&quot;1&quot;:2,&quot;2&quot;:0,&quot;5&quot;:{&quot;1&quot;:2,&quot;2&quot;:0}},{&quot;1&quot;:0,&quot;2&quot;:0,&quot;3&quot;:3},{&quot;1&quot;:1,&quot;2&quot;:0,&quot;4&quot;:1}]},&quot;6&quot;:{&quot;1&quot;:[{&quot;1&quot;:2,&quot;2&quot;:0,&quot;5&quot;:{&quot;1&quot;:2,&quot;2&quot;:0}},{&quot;1&quot;:0,&quot;2&quot;:0,&quot;3&quot;:3},{&quot;1&quot;:1,&quot;2&quot;:0,&quot;4&quot;:1}]},&quot;7&quot;:{&quot;1&quot;:[{&quot;1&quot;:2,&quot;2&quot;:0,&quot;5&quot;:{&quot;1&quot;:2,&quot;2&quot;:0}},{&quot;1&quot;:0,&quot;2&quot;:0,&quot;3&quot;:3},{&quot;1&quot;:1,&quot;2&quot;:0,&quot;4&quot;:1}]},&quot;8&quot;:{&quot;1&quot;:[{&quot;1&quot;:2,&quot;2&quot;:0,&quot;5&quot;:{&quot;1&quot;:2,&quot;2&quot;:0}},{&quot;1&quot;:0,&quot;2&quot;:0,&quot;3&quot;:3},{&quot;1&quot;:1,&quot;2&quot;:0,&quot;4&quot;:1}]},&quot;9&quot;:1,&quot;11&quot;:4,&quot;14&quot;:{&quot;1&quot;:3,&quot;3&quot;:1},&quot;15&quot;:&quot;Calibri&quot;,&quot;16&quot;:11}\">Lleva siempre contigo tu bolso resistente y reutilizable.<\/span><\/p>\n<p><strong>MATERIALES:<\/strong><br \/>\n<span data-sheets-value=\"{&quot;1&quot;:2,&quot;2&quot;:&quot;Fabricados en lona coste\u00f1a s\u00faper resistente , con asas dise\u00f1adas en reata.&quot;}\" data-sheets-userformat=\"{&quot;2&quot;:14829,&quot;3&quot;:{&quot;1&quot;:0,&quot;3&quot;:1},&quot;5&quot;:{&quot;1&quot;:[{&quot;1&quot;:2,&quot;2&quot;:0,&quot;5&quot;:{&quot;1&quot;:2,&quot;2&quot;:0}},{&quot;1&quot;:0,&quot;2&quot;:0,&quot;3&quot;:3},{&quot;1&quot;:1,&quot;2&quot;:0,&quot;4&quot;:2}]},&quot;6&quot;:{&quot;1&quot;:[{&quot;1&quot;:2,&quot;2&quot;:0,&quot;5&quot;:{&quot;1&quot;:2,&quot;2&quot;:0}},{&quot;1&quot;:0,&quot;2&quot;:0,&quot;3&quot;:3},{&quot;1&quot;:1,&quot;2&quot;:0,&quot;4&quot;:2}]},&quot;8&quot;:{&quot;1&quot;:[{&quot;1&quot;:2,&quot;2&quot;:0,&quot;5&quot;:{&quot;1&quot;:2,&quot;2&quot;:0}},{&quot;1&quot;:0,&quot;2&quot;:0,&quot;3&quot;:3},{&quot;1&quot;:1,&quot;2&quot;:0,&quot;4&quot;:2}]},&quot;9&quot;:1,&quot;10&quot;:1,&quot;11&quot;:4,&quot;14&quot;:{&quot;1&quot;:3,&quot;3&quot;:1},&quot;15&quot;:&quot;Calibri&quot;,&quot;16&quot;:11}\">Fabricados en lona coste\u00f1a s\u00faper resistente , con asas dise\u00f1adas en reata.<\/span><\/p>\n<p><strong>IMPACTO SOCIAL:<\/strong><br \/>\n<span data-sheets-value=\"{&quot;1&quot;:2,&quot;2&quot;:&quot;Confeccionados por manos de madres cabeza de familia del eje cafetero.&quot;}\" data-sheets-userformat=\"{&quot;2&quot;:14845,&quot;3&quot;:{&quot;1&quot;:0,&quot;3&quot;:1},&quot;5&quot;:{&quot;1&quot;:[{&quot;1&quot;:2,&quot;2&quot;:0,&quot;5&quot;:{&quot;1&quot;:2,&quot;2&quot;:0}},{&quot;1&quot;:0,&quot;2&quot;:0,&quot;3&quot;:3},{&quot;1&quot;:1,&quot;2&quot;:0,&quot;4&quot;:2}]},&quot;6&quot;:{&quot;1&quot;:[{&quot;1&quot;:2,&quot;2&quot;:0,&quot;5&quot;:{&quot;1&quot;:2,&quot;2&quot;:0}},{&quot;1&quot;:0,&quot;2&quot;:0,&quot;3&quot;:3},{&quot;1&quot;:1,&quot;2&quot;:0,&quot;4&quot;:2}]},&quot;7&quot;:{&quot;1&quot;:[{&quot;1&quot;:2,&quot;2&quot;:0,&quot;5&quot;:{&quot;1&quot;:2,&quot;2&quot;:0}},{&quot;1&quot;:0,&quot;2&quot;:0,&quot;3&quot;:3},{&quot;1&quot;:1,&quot;2&quot;:0,&quot;4&quot;:2}]},&quot;8&quot;:{&quot;1&quot;:[{&quot;1&quot;:2,&quot;2&quot;:0,&quot;5&quot;:{&quot;1&quot;:2,&quot;2&quot;:0}},{&quot;1&quot;:0,&quot;2&quot;:0,&quot;3&quot;:3},{&quot;1&quot;:1,&quot;2&quot;:0,&quot;4&quot;:2}]},&quot;9&quot;:1,&quot;10&quot;:1,&quot;11&quot;:4,&quot;14&quot;:{&quot;1&quot;:3,&quot;3&quot;:1},&quot;15&quot;:&quot;Calibri&quot;,&quot;16&quot;:11}\">Confeccionados por manos de madres cabeza de familia del eje cafetero.<\/span><\/p>\n<p><strong>MEDIDAS:<\/strong><br \/>\n<span data-sheets-value=\"{&quot;1&quot;:2,&quot;2&quot;:&quot;36 CM x 41 CM X 13 DE FUELLE&quot;}\" data-sheets-userformat=\"{&quot;2&quot;:14621,&quot;3&quot;:{&quot;1&quot;:0,&quot;3&quot;:1},&quot;5&quot;:{&quot;1&quot;:[{&quot;1&quot;:2,&quot;2&quot;:0,&quot;5&quot;:{&quot;1&quot;:2,&quot;2&quot;:0}},{&quot;1&quot;:0,&quot;2&quot;:0,&quot;3&quot;:3},{&quot;1&quot;:1,&quot;2&quot;:0,&quot;4&quot;:1}]},&quot;6&quot;:{&quot;1&quot;:[{&quot;1&quot;:2,&quot;2&quot;:0,&quot;5&quot;:{&quot;1&quot;:2,&quot;2&quot;:0}},{&quot;1&quot;:0,&quot;2&quot;:0,&quot;3&quot;:3},{&quot;1&quot;:1,&quot;2&quot;:0,&quot;4&quot;:1}]},&quot;7&quot;:{&quot;1&quot;:[{&quot;1&quot;:2,&quot;2&quot;:0,&quot;5&quot;:{&quot;1&quot;:2,&quot;2&quot;:0}},{&quot;1&quot;:0,&quot;2&quot;:0,&quot;3&quot;:3},{&quot;1&quot;:1,&quot;2&quot;:0,&quot;4&quot;:1}]},&quot;11&quot;:4,&quot;14&quot;:{&quot;1&quot;:3,&quot;3&quot;:1},&quot;15&quot;:&quot;Calibri&quot;,&quot;16&quot;:11}\">45 CM x 40 CM X 15 DE FUELLE<\/span><\/p>\n<!-- AddThis Advanced Settings generic via filter on the_content --><!-- AddThis Share Buttons generic via filter on the_content -->","protected":false},"excerpt":{"rendered":"<p><span data-sheets-value=\"{&quot;1&quot;:2,&quot;2&quot;:&quot;Ideal para esos d\u00edas ocupados dedicados a hacer compras.&quot;}\" data-sheets-userformat=\"{&quot;2&quot;:14717,&quot;3&quot;:{&quot;1&quot;:0,&quot;3&quot;:1},&quot;5&quot;:{&quot;1&quot;:[{&quot;1&quot;:2,&quot;2&quot;:0,&quot;5&quot;:{&quot;1&quot;:2,&quot;2&quot;:0}},{&quot;1&quot;:0,&quot;2&quot;:0,&quot;3&quot;:3},{&quot;1&quot;:1,&quot;2&quot;:0,&quot;4&quot;:1}]},&quot;6&quot;:{&quot;1&quot;:[{&quot;1&quot;:2,&quot;2&quot;:0,&quot;5&quot;:{&quot;1&quot;:2,&quot;2&quot;:0}},{&quot;1&quot;:0,&quot;2&quot;:0,&quot;3&quot;:3},{&quot;1&quot;:1,&quot;2&quot;:0,&quot;4&quot;:1}]},&quot;7&quot;:{&quot;1&quot;:[{&quot;1&quot;:2,&quot;2&quot;:0,&quot;5&quot;:{&quot;1&quot;:2,&quot;2&quot;:0}},{&quot;1&quot;:0,&quot;2&quot;:0,&quot;3&quot;:3},{&quot;1&quot;:1,&quot;2&quot;:0,&quot;4&quot;:1}]},&quot;8&quot;:{&quot;1&quot;:[{&quot;1&quot;:2,&quot;2&quot;:0,&quot;5&quot;:{&quot;1&quot;:2,&quot;2&quot;:0}},{&quot;1&quot;:0,&quot;2&quot;:0,&quot;3&quot;:3},{&quot;1&quot;:1,&quot;2&quot;:0,&quot;4&quot;:1}]},&quot;9&quot;:1,&quot;11&quot;:4,&quot;14&quot;:{&quot;1&quot;:3,&quot;3&quot;:1},&quot;15&quot;:&quot;Calibri&quot;,&quot;16&quot;:11}\">Ideal para esos d\u00edas ocupados dedicados a hacer compras.<\/span><!-- AddThis Advanced Settings generic via filter on get_the_excerpt --><!-- AddThis Share Buttons generic via filter on get_the_excerpt --><\/p>\n","protected":false},"featured_media":3901,"comment_status":"open","ping_status":"closed","template":"","meta":{"_et_pb_use_builder":"off","_et_pb_old_content":"<strong>3 Pcs de: 20X20 25X25 30X30<\/strong>\r\n\r\n<b>C\u00f3digo: <!--td {border: 1px solid #ccc;}br {mso-data-placement:same-cell;}--><span data-sheets-value=\"{\"1\":2,\"2\":\"PAN-ENV-01\"}\" data-sheets-userformat=\"{\"2\":14399,\"3\":{\"1\":2,\"2\":\"0\",\"3\":1},\"4\":{\"1\":2,\"2\":14277081},\"5\":{\"1\":[{\"1\":2,\"2\":0,\"5\":{\"1\":2,\"2\":0}},{\"1\":0,\"2\":0,\"3\":3},{\"1\":1,\"2\":0,\"4\":1}]},\"6\":{\"1\":[{\"1\":2,\"2\":0,\"5\":{\"1\":2,\"2\":0}},{\"1\":0,\"2\":0,\"3\":3},{\"1\":1,\"2\":0,\"4\":1}]},\"7\":{\"1\":[{\"1\":2,\"2\":0,\"5\":{\"1\":2,\"2\":0}},{\"1\":0,\"2\":0,\"3\":3},{\"1\":1,\"2\":0,\"4\":1}]},\"8\":{\"1\":[{\"1\":2,\"2\":0,\"5\":{\"1\":2,\"2\":0}},{\"1\":0,\"2\":0,\"3\":3},{\"1\":1,\"2\":0,\"4\":1}]},\"14\":{\"1\":3,\"3\":1},\"15\":\"Calibri\",\"16\":11}\">PAN-ENV-01<\/span><\/b>\r\n<h3>Usos:<\/h3>\r\n[video width=\"320\" height=\"320\" mp4=\"https:\/\/www.inspire2030.com\/sitio\/wp-content\/uploads\/2021\/01\/Ecowraps_usos.mp4\"][\/video]\r\n\r\n[video width=\"320\" height=\"320\" mp4=\"https:\/\/www.inspire2030.com\/sitio\/wp-content\/uploads\/2021\/01\/ecowraps.mp4\"][\/video]\r\n\r\n\u00a0\r\n\r\nEstas envolturas ecol\u00f3gicas para alimentos son nuestra forma favorita de conservar frutas, verduras, un s\u00e1ndwich o para cubrir un taz\u00f3n u olla. Una alternativa natural y sostenible a la envoltura de pl\u00e1stico, el vinipel y el aluminio. Estos ecowraps est\u00e1n hechas con tela de algod\u00f3n, cera de abeja, aceite de jojoba y resina de \u00e1rbol. El calor de las yemas de los dedos da forma a la tela; se endurece y se sella cuando se enfr\u00eda para mantener la comida fresca. Lo mejor de todo es que es reutilizable, lavable y biodegradable al final de su vida \u00fatil.","_et_gb_content_width":""},"product_cat":[19,24],"product_tag":[],"yoast_head":"<!-- This site is optimized with the Yoast SEO plugin v20.13 - https:\/\/yoast.com\/wordpress\/plugins\/seo\/ -->\n<title>Bolso Ecol\u00f3gico Cl\u00e1sico reutilizable Inspire2030 Ilustrado con Balcones de Cartagena - Inspire 2030<\/title>\n<meta name=\"robots\" content=\"index, follow, max-snippet:-1, max-image-preview:large, max-video-preview:-1\" \/>\n<link rel=\"canonical\" href=\"https:\/\/www.inspire2030.com\/sitio\/producto\/bolso-ecologico-clasico-reutilizable-inspire2030-ilustrado-con-balcones-de-cartagena\/\" \/>\n<meta property=\"og:locale\" content=\"es_ES\" \/>\n<meta property=\"og:type\" content=\"article\" \/>\n<meta property=\"og:title\" content=\"Bolso Ecol\u00f3gico Cl\u00e1sico reutilizable Inspire2030 Ilustrado con Balcones de Cartagena - Inspire 2030\" \/>\n<meta property=\"og:description\" content=\"Ideal para esos d\u00edas ocupados dedicados a hacer compras.\" \/>\n<meta property=\"og:url\" content=\"https:\/\/www.inspire2030.com\/sitio\/producto\/bolso-ecologico-clasico-reutilizable-inspire2030-ilustrado-con-balcones-de-cartagena\/\" \/>\n<meta property=\"og:site_name\" content=\"Inspire 2030\" \/>\n<meta property=\"article:modified_time\" content=\"2024-01-29T20:41:24+00:00\" \/>\n<meta property=\"og:image\" content=\"https:\/\/www.inspire2030.com\/sitio\/wp-content\/uploads\/2022\/12\/Compartimientos-balcones.jpg\" \/>\n\t<meta property=\"og:image:width\" content=\"900\" \/>\n\t<meta property=\"og:image:height\" content=\"900\" \/>\n\t<meta property=\"og:image:type\" content=\"image\/jpeg\" \/>\n<meta name=\"twitter:card\" content=\"summary_large_image\" \/>\n<meta name=\"twitter:label1\" content=\"Tiempo estimado de lectura\" \/>\n\t<meta name=\"twitter:data1\" content=\"1 minuto\" \/>\n<script type=\"application\/ld+json\" class=\"yoast-schema-graph\">{\"@context\":\"https:\/\/schema.org\",\"@graph\":[{\"@type\":\"WebPage\",\"@id\":\"https:\/\/www.inspire2030.com\/sitio\/producto\/bolso-ecologico-clasico-reutilizable-inspire2030-ilustrado-con-balcones-de-cartagena\/\",\"url\":\"https:\/\/www.inspire2030.com\/sitio\/producto\/bolso-ecologico-clasico-reutilizable-inspire2030-ilustrado-con-balcones-de-cartagena\/\",\"name\":\"Bolso Ecol\u00f3gico Cl\u00e1sico reutilizable Inspire2030 Ilustrado con Balcones de Cartagena - Inspire 2030\",\"isPartOf\":{\"@id\":\"https:\/\/www.inspire2030.com\/sitio\/#website\"},\"datePublished\":\"2024-01-29T20:39:59+00:00\",\"dateModified\":\"2024-01-29T20:41:24+00:00\",\"breadcrumb\":{\"@id\":\"https:\/\/www.inspire2030.com\/sitio\/producto\/bolso-ecologico-clasico-reutilizable-inspire2030-ilustrado-con-balcones-de-cartagena\/#breadcrumb\"},\"inLanguage\":\"es-CO\",\"potentialAction\":[{\"@type\":\"ReadAction\",\"target\":[\"https:\/\/www.inspire2030.com\/sitio\/producto\/bolso-ecologico-clasico-reutilizable-inspire2030-ilustrado-con-balcones-de-cartagena\/\"]}]},{\"@type\":\"BreadcrumbList\",\"@id\":\"https:\/\/www.inspire2030.com\/sitio\/producto\/bolso-ecologico-clasico-reutilizable-inspire2030-ilustrado-con-balcones-de-cartagena\/#breadcrumb\",\"itemListElement\":[{\"@type\":\"ListItem\",\"position\":1,\"name\":\"Home\",\"item\":\"https:\/\/www.inspire2030.com\/sitio\/\"},{\"@type\":\"ListItem\",\"position\":2,\"name\":\"Tienda\",\"item\":\"https:\/\/www.inspire2030.com\/sitio\/tienda\/\"},{\"@type\":\"ListItem\",\"position\":3,\"name\":\"Bolso Ecol\u00f3gico Cl\u00e1sico reutilizable Inspire2030 Ilustrado con Balcones de Cartagena\"}]},{\"@type\":\"WebSite\",\"@id\":\"https:\/\/www.inspire2030.com\/sitio\/#website\",\"url\":\"https:\/\/www.inspire2030.com\/sitio\/\",\"name\":\"Inspire 2030\",\"description\":\"Somos una empresa con sentido familiar, profundamente humana, comprometida con la mitigaci\u00f3n de los efectos del cambio clim\u00e1tico y totalmente convencida de la urgencia de actuar de manera inmediata en pro del Ambiente.\",\"potentialAction\":[{\"@type\":\"SearchAction\",\"target\":{\"@type\":\"EntryPoint\",\"urlTemplate\":\"https:\/\/www.inspire2030.com\/sitio\/?s={search_term_string}\"},\"query-input\":\"required name=search_term_string\"}],\"inLanguage\":\"es-CO\"}]}<\/script>\n<!-- \/ Yoast SEO plugin. -->","yoast_head_json":{"title":"Bolso Ecol\u00f3gico Cl\u00e1sico reutilizable Inspire2030 Ilustrado con Balcones de Cartagena - Inspire 2030","robots":{"index":"index","follow":"follow","max-snippet":"max-snippet:-1","max-image-preview":"max-image-preview:large","max-video-preview":"max-video-preview:-1"},"canonical":"https:\/\/www.inspire2030.com\/sitio\/producto\/bolso-ecologico-clasico-reutilizable-inspire2030-ilustrado-con-balcones-de-cartagena\/","og_locale":"es_ES","og_type":"article","og_title":"Bolso Ecol\u00f3gico Cl\u00e1sico reutilizable Inspire2030 Ilustrado con Balcones de Cartagena - Inspire 2030","og_description":"Ideal para esos d\u00edas ocupados dedicados a hacer compras.","og_url":"https:\/\/www.inspire2030.com\/sitio\/producto\/bolso-ecologico-clasico-reutilizable-inspire2030-ilustrado-con-balcones-de-cartagena\/","og_site_name":"Inspire 2030","article_modified_time":"2024-01-29T20:41:24+00:00","og_image":[{"width":900,"height":900,"url":"https:\/\/www.inspire2030.com\/sitio\/wp-content\/uploads\/2022\/12\/Compartimientos-balcones.jpg","type":"image\/jpeg"}],"twitter_card":"summary_large_image","twitter_misc":{"Tiempo estimado de lectura":"1 minuto"},"schema":{"@context":"https:\/\/schema.org","@graph":[{"@type":"WebPage","@id":"https:\/\/www.inspire2030.com\/sitio\/producto\/bolso-ecologico-clasico-reutilizable-inspire2030-ilustrado-con-balcones-de-cartagena\/","url":"https:\/\/www.inspire2030.com\/sitio\/producto\/bolso-ecologico-clasico-reutilizable-inspire2030-ilustrado-con-balcones-de-cartagena\/","name":"Bolso Ecol\u00f3gico Cl\u00e1sico reutilizable Inspire2030 Ilustrado con Balcones de Cartagena - Inspire 2030","isPartOf":{"@id":"https:\/\/www.inspire2030.com\/sitio\/#website"},"datePublished":"2024-01-29T20:39:59+00:00","dateModified":"2024-01-29T20:41:24+00:00","breadcrumb":{"@id":"https:\/\/www.inspire2030.com\/sitio\/producto\/bolso-ecologico-clasico-reutilizable-inspire2030-ilustrado-con-balcones-de-cartagena\/#breadcrumb"},"inLanguage":"es-CO","potentialAction":[{"@type":"ReadAction","target":["https:\/\/www.inspire2030.com\/sitio\/producto\/bolso-ecologico-clasico-reutilizable-inspire2030-ilustrado-con-balcones-de-cartagena\/"]}]},{"@type":"BreadcrumbList","@id":"https:\/\/www.inspire2030.com\/sitio\/producto\/bolso-ecologico-clasico-reutilizable-inspire2030-ilustrado-con-balcones-de-cartagena\/#breadcrumb","itemListElement":[{"@type":"ListItem","position":1,"name":"Home","item":"https:\/\/www.inspire2030.com\/sitio\/"},{"@type":"ListItem","position":2,"name":"Tienda","item":"https:\/\/www.inspire2030.com\/sitio\/tienda\/"},{"@type":"ListItem","position":3,"name":"Bolso Ecol\u00f3gico Cl\u00e1sico reutilizable Inspire2030 Ilustrado con Balcones de Cartagena"}]},{"@type":"WebSite","@id":"https:\/\/www.inspire2030.com\/sitio\/#website","url":"https:\/\/www.inspire2030.com\/sitio\/","name":"Inspire 2030","description":"Somos una empresa con sentido familiar, profundamente humana, comprometida con la mitigaci\u00f3n de los efectos del cambio clim\u00e1tico y totalmente convencida de la urgencia de actuar de manera inmediata en pro del Ambiente.","potentialAction":[{"@type":"SearchAction","target":{"@type":"EntryPoint","urlTemplate":"https:\/\/www.inspire2030.com\/sitio\/?s={search_term_string}"},"query-input":"required name=search_term_string"}],"inLanguage":"es-CO"}]}},"_links":{"self":[{"href":"https:\/\/www.inspire2030.com\/sitio\/wp-json\/wp\/v2\/product\/4113"}],"collection":[{"href":"https:\/\/www.inspire2030.com\/sitio\/wp-json\/wp\/v2\/product"}],"about":[{"href":"https:\/\/www.inspire2030.com\/sitio\/wp-json\/wp\/v2\/types\/product"}],"replies":[{"embeddable":true,"href":"https:\/\/www.inspire2030.com\/sitio\/wp-json\/wp\/v2\/comments?post=4113"}],"wp:featuredmedia":[{"embeddable":true,"href":"https:\/\/www.inspire2030.com\/sitio\/wp-json\/wp\/v2\/media\/3901"}],"wp:attachment":[{"href":"https:\/\/www.inspire2030.com\/sitio\/wp-json\/wp\/v2\/media?parent=4113"}],"wp:term":[{"taxonomy":"product_cat","embeddable":true,"href":"https:\/\/www.inspire2030.com\/sitio\/wp-json\/wp\/v2\/product_cat?post=4113"},{"taxonomy":"product_tag","embeddable":true,"href":"https:\/\/www.inspire2030.com\/sitio\/wp-json\/wp\/v2\/product_tag?post=4113"}],"curies":[{"name":"wp","href":"https:\/\/api.w.org\/{rel}","templated":true}]}}