{"id":3563,"date":"2022-10-06T09:40:29","date_gmt":"2022-10-06T14:40:29","guid":{"rendered":"https:\/\/www.inspire2030.com\/sitio\/?post_type=product&#038;p=3563"},"modified":"2024-01-26T17:10:18","modified_gmt":"2024-01-26T22:10:18","slug":"caja-cupcake-6-blanca-245-cm-x-17-cm-x-67-cm-en-bagazo-de-cana-de-azucar-paquete-x-25-unds","status":"publish","type":"product","link":"https:\/\/www.inspire2030.com\/sitio\/producto\/caja-cupcake-6-blanca-245-cm-x-17-cm-x-67-cm-en-bagazo-de-cana-de-azucar-paquete-x-25-unds\/","title":{"rendered":"CAJA CUPCAKE #6 24,5 CM X 17 CM X 6,7 CM EN BAGAZO DE CA\u00d1A DE AZ\u00daCAR, PAQUETE X 25 UNDS"},"content":{"rendered":"<!-- AddThis Advanced Settings generic via filter on the_content --><!-- AddThis Share Buttons generic via filter on the_content -->","protected":false},"excerpt":{"rendered":"<p>Empaques 100% Biodegradables Fabricados en bagazo de ca\u00f1a de az\u00facar.<\/p>\n<div>\n<p><span data-sheets-value=\"{&quot;1&quot;:2,&quot;2&quot;:&quot;Dise\u00f1ado para contener 6 cupcakes de tama\u00f1o promedio &quot;}\" data-sheets-userformat=\"{&quot;2&quot;:15229,&quot;3&quot;:{&quot;1&quot;:0},&quot;5&quot;:{&quot;1&quot;:[{&quot;1&quot;:2,&quot;2&quot;:0,&quot;5&quot;:{&quot;1&quot;:2,&quot;2&quot;:0}},{&quot;1&quot;:0,&quot;2&quot;:0,&quot;3&quot;:3},{&quot;1&quot;:1,&quot;2&quot;:0,&quot;4&quot;:1}]},&quot;6&quot;:{&quot;1&quot;:[{&quot;1&quot;:2,&quot;2&quot;:0,&quot;5&quot;:{&quot;1&quot;:2,&quot;2&quot;:0}},{&quot;1&quot;:0,&quot;2&quot;:0,&quot;3&quot;:3},{&quot;1&quot;:1,&quot;2&quot;:0,&quot;4&quot;:1}]},&quot;7&quot;:{&quot;1&quot;:[{&quot;1&quot;:2,&quot;2&quot;:0,&quot;5&quot;:{&quot;1&quot;:2,&quot;2&quot;:0}},{&quot;1&quot;:0,&quot;2&quot;:0,&quot;3&quot;:3},{&quot;1&quot;:1,&quot;2&quot;:0,&quot;4&quot;:1}]},&quot;8&quot;:{&quot;1&quot;:[{&quot;1&quot;:2,&quot;2&quot;:0,&quot;5&quot;:{&quot;1&quot;:2,&quot;2&quot;:0}},{&quot;1&quot;:0,&quot;2&quot;:0,&quot;3&quot;:3},{&quot;1&quot;:1,&quot;2&quot;:0,&quot;4&quot;:1}]},&quot;9&quot;:1,&quot;11&quot;:4,&quot;12&quot;:0,&quot;14&quot;:{&quot;1&quot;:3,&quot;3&quot;:1},&quot;15&quot;:&quot;Calibri&quot;,&quot;16&quot;:11}\">Dise\u00f1ado para contener 6 Cupcakes de tama\u00f1o promedio.<\/span><\/p>\n<\/div>\n<p><!-- AddThis Advanced Settings generic via filter on get_the_excerpt --><!-- AddThis Share Buttons generic via filter on get_the_excerpt --><\/p>\n","protected":false},"featured_media":3559,"comment_status":"open","ping_status":"closed","template":"","meta":{"_et_pb_use_builder":"off","_et_pb_old_content":"Codigo:AMZ-MULT-02\r\nDimensiones: LA 10*AN10*AL 6 CM\r\nCantidad: 20 Und.","_et_gb_content_width":""},"product_cat":[32,18],"product_tag":[],"yoast_head":"<!-- This site is optimized with the Yoast SEO plugin v20.13 - https:\/\/yoast.com\/wordpress\/plugins\/seo\/ -->\n<title>CAJA CUPCAKE #6 24,5 CM X 17 CM X 6,7 CM EN BAGAZO DE CA\u00d1A DE AZ\u00daCAR, PAQUETE X 25 UNDS - Inspire 2030<\/title>\n<meta name=\"robots\" content=\"index, follow, max-snippet:-1, max-image-preview:large, max-video-preview:-1\" \/>\n<link rel=\"canonical\" href=\"https:\/\/www.inspire2030.com\/sitio\/producto\/caja-cupcake-6-blanca-245-cm-x-17-cm-x-67-cm-en-bagazo-de-cana-de-azucar-paquete-x-25-unds\/\" \/>\n<meta property=\"og:locale\" content=\"es_ES\" \/>\n<meta property=\"og:type\" content=\"article\" \/>\n<meta property=\"og:title\" content=\"CAJA CUPCAKE #6 24,5 CM X 17 CM X 6,7 CM EN BAGAZO DE CA\u00d1A DE AZ\u00daCAR, PAQUETE X 25 UNDS - Inspire 2030\" \/>\n<meta property=\"og:description\" content=\"Empaques 100% Biodegradables Fabricados en bagazo de ca\u00f1a de az\u00facar.   Dise\u00f1ado para contener 6 Cupcakes de tama\u00f1o promedio.\" \/>\n<meta property=\"og:url\" content=\"https:\/\/www.inspire2030.com\/sitio\/producto\/caja-cupcake-6-blanca-245-cm-x-17-cm-x-67-cm-en-bagazo-de-cana-de-azucar-paquete-x-25-unds\/\" \/>\n<meta property=\"og:site_name\" content=\"Inspire 2030\" \/>\n<meta property=\"article:modified_time\" content=\"2024-01-26T22:10:18+00:00\" \/>\n<meta property=\"og:image\" content=\"https:\/\/www.inspire2030.com\/sitio\/wp-content\/uploads\/2022\/10\/cupcake-6-1000.jpg\" \/>\n\t<meta property=\"og:image:width\" content=\"900\" \/>\n\t<meta property=\"og:image:height\" content=\"900\" \/>\n\t<meta property=\"og:image:type\" content=\"image\/jpeg\" \/>\n<meta name=\"twitter:card\" content=\"summary_large_image\" \/>\n<script type=\"application\/ld+json\" class=\"yoast-schema-graph\">{\"@context\":\"https:\/\/schema.org\",\"@graph\":[{\"@type\":\"WebPage\",\"@id\":\"https:\/\/www.inspire2030.com\/sitio\/producto\/caja-cupcake-6-blanca-245-cm-x-17-cm-x-67-cm-en-bagazo-de-cana-de-azucar-paquete-x-25-unds\/\",\"url\":\"https:\/\/www.inspire2030.com\/sitio\/producto\/caja-cupcake-6-blanca-245-cm-x-17-cm-x-67-cm-en-bagazo-de-cana-de-azucar-paquete-x-25-unds\/\",\"name\":\"CAJA CUPCAKE #6 24,5 CM X 17 CM X 6,7 CM EN BAGAZO DE CA\u00d1A DE AZ\u00daCAR, PAQUETE X 25 UNDS - Inspire 2030\",\"isPartOf\":{\"@id\":\"https:\/\/www.inspire2030.com\/sitio\/#website\"},\"datePublished\":\"2022-10-06T14:40:29+00:00\",\"dateModified\":\"2024-01-26T22:10:18+00:00\",\"breadcrumb\":{\"@id\":\"https:\/\/www.inspire2030.com\/sitio\/producto\/caja-cupcake-6-blanca-245-cm-x-17-cm-x-67-cm-en-bagazo-de-cana-de-azucar-paquete-x-25-unds\/#breadcrumb\"},\"inLanguage\":\"es-CO\",\"potentialAction\":[{\"@type\":\"ReadAction\",\"target\":[\"https:\/\/www.inspire2030.com\/sitio\/producto\/caja-cupcake-6-blanca-245-cm-x-17-cm-x-67-cm-en-bagazo-de-cana-de-azucar-paquete-x-25-unds\/\"]}]},{\"@type\":\"BreadcrumbList\",\"@id\":\"https:\/\/www.inspire2030.com\/sitio\/producto\/caja-cupcake-6-blanca-245-cm-x-17-cm-x-67-cm-en-bagazo-de-cana-de-azucar-paquete-x-25-unds\/#breadcrumb\",\"itemListElement\":[{\"@type\":\"ListItem\",\"position\":1,\"name\":\"Home\",\"item\":\"https:\/\/www.inspire2030.com\/sitio\/\"},{\"@type\":\"ListItem\",\"position\":2,\"name\":\"Tienda\",\"item\":\"https:\/\/www.inspire2030.com\/sitio\/tienda\/\"},{\"@type\":\"ListItem\",\"position\":3,\"name\":\"CAJA CUPCAKE #6 24,5 CM X 17 CM X 6,7 CM EN BAGAZO DE CA\u00d1A DE AZ\u00daCAR, PAQUETE X 25 UNDS\"}]},{\"@type\":\"WebSite\",\"@id\":\"https:\/\/www.inspire2030.com\/sitio\/#website\",\"url\":\"https:\/\/www.inspire2030.com\/sitio\/\",\"name\":\"Inspire 2030\",\"description\":\"Somos una empresa con sentido familiar, profundamente humana, comprometida con la mitigaci\u00f3n de los efectos del cambio clim\u00e1tico y totalmente convencida de la urgencia de actuar de manera inmediata en pro del Ambiente.\",\"potentialAction\":[{\"@type\":\"SearchAction\",\"target\":{\"@type\":\"EntryPoint\",\"urlTemplate\":\"https:\/\/www.inspire2030.com\/sitio\/?s={search_term_string}\"},\"query-input\":\"required name=search_term_string\"}],\"inLanguage\":\"es-CO\"}]}<\/script>\n<!-- \/ Yoast SEO plugin. -->","yoast_head_json":{"title":"CAJA CUPCAKE #6 24,5 CM X 17 CM X 6,7 CM EN BAGAZO DE CA\u00d1A DE AZ\u00daCAR, PAQUETE X 25 UNDS - Inspire 2030","robots":{"index":"index","follow":"follow","max-snippet":"max-snippet:-1","max-image-preview":"max-image-preview:large","max-video-preview":"max-video-preview:-1"},"canonical":"https:\/\/www.inspire2030.com\/sitio\/producto\/caja-cupcake-6-blanca-245-cm-x-17-cm-x-67-cm-en-bagazo-de-cana-de-azucar-paquete-x-25-unds\/","og_locale":"es_ES","og_type":"article","og_title":"CAJA CUPCAKE #6 24,5 CM X 17 CM X 6,7 CM EN BAGAZO DE CA\u00d1A DE AZ\u00daCAR, PAQUETE X 25 UNDS - Inspire 2030","og_description":"Empaques 100% Biodegradables Fabricados en bagazo de ca\u00f1a de az\u00facar.   Dise\u00f1ado para contener 6 Cupcakes de tama\u00f1o promedio.","og_url":"https:\/\/www.inspire2030.com\/sitio\/producto\/caja-cupcake-6-blanca-245-cm-x-17-cm-x-67-cm-en-bagazo-de-cana-de-azucar-paquete-x-25-unds\/","og_site_name":"Inspire 2030","article_modified_time":"2024-01-26T22:10:18+00:00","og_image":[{"width":900,"height":900,"url":"https:\/\/www.inspire2030.com\/sitio\/wp-content\/uploads\/2022\/10\/cupcake-6-1000.jpg","type":"image\/jpeg"}],"twitter_card":"summary_large_image","schema":{"@context":"https:\/\/schema.org","@graph":[{"@type":"WebPage","@id":"https:\/\/www.inspire2030.com\/sitio\/producto\/caja-cupcake-6-blanca-245-cm-x-17-cm-x-67-cm-en-bagazo-de-cana-de-azucar-paquete-x-25-unds\/","url":"https:\/\/www.inspire2030.com\/sitio\/producto\/caja-cupcake-6-blanca-245-cm-x-17-cm-x-67-cm-en-bagazo-de-cana-de-azucar-paquete-x-25-unds\/","name":"CAJA CUPCAKE #6 24,5 CM X 17 CM X 6,7 CM EN BAGAZO DE CA\u00d1A DE AZ\u00daCAR, PAQUETE X 25 UNDS - Inspire 2030","isPartOf":{"@id":"https:\/\/www.inspire2030.com\/sitio\/#website"},"datePublished":"2022-10-06T14:40:29+00:00","dateModified":"2024-01-26T22:10:18+00:00","breadcrumb":{"@id":"https:\/\/www.inspire2030.com\/sitio\/producto\/caja-cupcake-6-blanca-245-cm-x-17-cm-x-67-cm-en-bagazo-de-cana-de-azucar-paquete-x-25-unds\/#breadcrumb"},"inLanguage":"es-CO","potentialAction":[{"@type":"ReadAction","target":["https:\/\/www.inspire2030.com\/sitio\/producto\/caja-cupcake-6-blanca-245-cm-x-17-cm-x-67-cm-en-bagazo-de-cana-de-azucar-paquete-x-25-unds\/"]}]},{"@type":"BreadcrumbList","@id":"https:\/\/www.inspire2030.com\/sitio\/producto\/caja-cupcake-6-blanca-245-cm-x-17-cm-x-67-cm-en-bagazo-de-cana-de-azucar-paquete-x-25-unds\/#breadcrumb","itemListElement":[{"@type":"ListItem","position":1,"name":"Home","item":"https:\/\/www.inspire2030.com\/sitio\/"},{"@type":"ListItem","position":2,"name":"Tienda","item":"https:\/\/www.inspire2030.com\/sitio\/tienda\/"},{"@type":"ListItem","position":3,"name":"CAJA CUPCAKE #6 24,5 CM X 17 CM X 6,7 CM EN BAGAZO DE CA\u00d1A DE AZ\u00daCAR, PAQUETE X 25 UNDS"}]},{"@type":"WebSite","@id":"https:\/\/www.inspire2030.com\/sitio\/#website","url":"https:\/\/www.inspire2030.com\/sitio\/","name":"Inspire 2030","description":"Somos una empresa con sentido familiar, profundamente humana, comprometida con la mitigaci\u00f3n de los efectos del cambio clim\u00e1tico y totalmente convencida de la urgencia de actuar de manera inmediata en pro del Ambiente.","potentialAction":[{"@type":"SearchAction","target":{"@type":"EntryPoint","urlTemplate":"https:\/\/www.inspire2030.com\/sitio\/?s={search_term_string}"},"query-input":"required name=search_term_string"}],"inLanguage":"es-CO"}]}},"_links":{"self":[{"href":"https:\/\/www.inspire2030.com\/sitio\/wp-json\/wp\/v2\/product\/3563"}],"collection":[{"href":"https:\/\/www.inspire2030.com\/sitio\/wp-json\/wp\/v2\/product"}],"about":[{"href":"https:\/\/www.inspire2030.com\/sitio\/wp-json\/wp\/v2\/types\/product"}],"replies":[{"embeddable":true,"href":"https:\/\/www.inspire2030.com\/sitio\/wp-json\/wp\/v2\/comments?post=3563"}],"wp:featuredmedia":[{"embeddable":true,"href":"https:\/\/www.inspire2030.com\/sitio\/wp-json\/wp\/v2\/media\/3559"}],"wp:attachment":[{"href":"https:\/\/www.inspire2030.com\/sitio\/wp-json\/wp\/v2\/media?parent=3563"}],"wp:term":[{"taxonomy":"product_cat","embeddable":true,"href":"https:\/\/www.inspire2030.com\/sitio\/wp-json\/wp\/v2\/product_cat?post=3563"},{"taxonomy":"product_tag","embeddable":true,"href":"https:\/\/www.inspire2030.com\/sitio\/wp-json\/wp\/v2\/product_tag?post=3563"}],"curies":[{"name":"wp","href":"https:\/\/api.w.org\/{rel}","templated":true}]}}